{"id":1145,"date":"2024-05-28T07:40:46","date_gmt":"2024-05-28T05:40:46","guid":{"rendered":"https:\/\/menu.swadencasa.com\/?post_type=product&#038;p=1145"},"modified":"2024-12-18T14:59:21","modified_gmt":"2024-12-18T13:59:21","slug":"pulao-basmati-rice-amb-xampinyons-o-pesols-copy","status":"publish","type":"product","link":"https:\/\/menu.swadencasa.com\/ca\/producte\/pulao-basmati-rice-amb-xampinyons-o-pesols-copy\/","title":{"rendered":"Arr\u00f2s basmati pulao amb coco i fruita seca"},"content":{"rendered":"<div class=\"col-md-10\">\n<p class=\"cat-dish-description\">Arr\u00f2s basmati a el safr\u00e0 amb esp\u00e8cies, coco i fruita seca<\/p>\n<p>&nbsp;<\/p>\n<p><img decoding=\"async\" src=\"https:\/\/menu.swadencasa.com\/wp-content\/uploads\/2024\/02\/Gluten.png\" width=\"30px\"> <img decoding=\"async\" src=\"https:\/\/menu.swadencasa.com\/wp-content\/uploads\/2024\/02\/Lacteos.png\" width=\"30px\"><\/p>\n<\/div>\n","protected":false},"excerpt":{"rendered":"<p>Arr\u00f2s basmati a el safr\u00e0 amb esp\u00e8cies, coco i fruita seca<\/p>\n","protected":false},"featured_media":0,"comment_status":"closed","ping_status":"closed","template":"","meta":[],"product_brand":[],"product_cat":[92,53],"product_tag":[],"dish-type":[],"class_list":{"0":"post-1145","1":"product","2":"type-product","3":"status-publish","5":"product_cat-arros","6":"product_cat-per-acompanyar","8":"first","9":"instock","10":"taxable","11":"shipping-taxable","12":"purchasable","13":"product-type-simple"},"_links":{"self":[{"href":"https:\/\/menu.swadencasa.com\/ca\/wp-json\/wp\/v2\/product\/1145","targetHints":{"allow":["GET"]}}],"collection":[{"href":"https:\/\/menu.swadencasa.com\/ca\/wp-json\/wp\/v2\/product"}],"about":[{"href":"https:\/\/menu.swadencasa.com\/ca\/wp-json\/wp\/v2\/types\/product"}],"replies":[{"embeddable":true,"href":"https:\/\/menu.swadencasa.com\/ca\/wp-json\/wp\/v2\/comments?post=1145"}],"wp:attachment":[{"href":"https:\/\/menu.swadencasa.com\/ca\/wp-json\/wp\/v2\/media?parent=1145"}],"wp:term":[{"taxonomy":"product_brand","embeddable":true,"href":"https:\/\/menu.swadencasa.com\/ca\/wp-json\/wp\/v2\/product_brand?post=1145"},{"taxonomy":"product_cat","embeddable":true,"href":"https:\/\/menu.swadencasa.com\/ca\/wp-json\/wp\/v2\/product_cat?post=1145"},{"taxonomy":"product_tag","embeddable":true,"href":"https:\/\/menu.swadencasa.com\/ca\/wp-json\/wp\/v2\/product_tag?post=1145"},{"taxonomy":"dish-type","embeddable":true,"href":"https:\/\/menu.swadencasa.com\/ca\/wp-json\/wp\/v2\/dish-type?post=1145"}],"curies":[{"name":"wp","href":"https:\/\/api.w.org\/{rel}","templated":true}]}}