{"id":550,"date":"2024-02-22T12:30:42","date_gmt":"2024-02-22T11:30:42","guid":{"rendered":"https:\/\/menu.swadencasa.com\/product\/cafe-americano\/"},"modified":"2024-06-10T09:43:33","modified_gmt":"2024-06-10T07:43:33","slug":"cafe-americano","status":"publish","type":"product","link":"https:\/\/menu.swadencasa.com\/ca\/producte\/cafe-americano\/","title":{"rendered":"Americ\u00e0"},"content":{"rendered":"<p>Caf\u00e8 Americ\u00e0<\/p>\n","protected":false},"excerpt":{"rendered":"<p>Caf\u00e8 Americ\u00e0<\/p>\n","protected":false},"featured_media":0,"comment_status":"closed","ping_status":"closed","template":"","meta":[],"product_brand":[],"product_cat":[60],"product_tag":[],"dish-type":[],"class_list":{"0":"post-550","1":"product","2":"type-product","3":"status-publish","5":"product_cat-cafe-i-te","7":"first","8":"instock","9":"taxable","10":"shipping-taxable","11":"purchasable","12":"product-type-simple"},"_links":{"self":[{"href":"https:\/\/menu.swadencasa.com\/ca\/wp-json\/wp\/v2\/product\/550","targetHints":{"allow":["GET"]}}],"collection":[{"href":"https:\/\/menu.swadencasa.com\/ca\/wp-json\/wp\/v2\/product"}],"about":[{"href":"https:\/\/menu.swadencasa.com\/ca\/wp-json\/wp\/v2\/types\/product"}],"replies":[{"embeddable":true,"href":"https:\/\/menu.swadencasa.com\/ca\/wp-json\/wp\/v2\/comments?post=550"}],"wp:attachment":[{"href":"https:\/\/menu.swadencasa.com\/ca\/wp-json\/wp\/v2\/media?parent=550"}],"wp:term":[{"taxonomy":"product_brand","embeddable":true,"href":"https:\/\/menu.swadencasa.com\/ca\/wp-json\/wp\/v2\/product_brand?post=550"},{"taxonomy":"product_cat","embeddable":true,"href":"https:\/\/menu.swadencasa.com\/ca\/wp-json\/wp\/v2\/product_cat?post=550"},{"taxonomy":"product_tag","embeddable":true,"href":"https:\/\/menu.swadencasa.com\/ca\/wp-json\/wp\/v2\/product_tag?post=550"},{"taxonomy":"dish-type","embeddable":true,"href":"https:\/\/menu.swadencasa.com\/ca\/wp-json\/wp\/v2\/dish-type?post=550"}],"curies":[{"name":"wp","href":"https:\/\/api.w.org\/{rel}","templated":true}]}}