{"id":727,"date":"2024-02-22T09:55:32","date_gmt":"2024-02-22T08:55:32","guid":{"rendered":"https:\/\/menu.swadencasa.com\/product\/arros-basmati-pulao\/"},"modified":"2024-06-10T10:26:47","modified_gmt":"2024-06-10T08:26:47","slug":"arros-basmati-pulao","status":"publish","type":"product","link":"https:\/\/menu.swadencasa.com\/ca\/producte\/arros-basmati-pulao\/","title":{"rendered":"Arr\u00f2s basmati pulao"},"content":{"rendered":"<div class=\"col-md-10\">\n<p class=\"cat-dish-description\">Arr\u00f2s basmati de gra llarg amb infusi\u00f3 d&#8217;esp\u00e8cies i safr\u00e0.<\/p>\n<p>&nbsp;<\/p>\n<p><img decoding=\"async\" src=\"https:\/\/menu.swadencasa.com\/allergens-PNG\/Gluten.png\" width=\"30px\"> <img decoding=\"async\" src=\"https:\/\/menu.swadencasa.com\/allergens-PNG\/Lacteos.png\" width=\"30px\"><\/p>\n<\/div>\n","protected":false},"excerpt":{"rendered":"<p>Arr\u00f2s basmati de gra llarg amb infusi\u00f3 d&#8217;esp\u00e8cies i safr\u00e0.<\/p>\n","protected":false},"featured_media":0,"comment_status":"closed","ping_status":"closed","template":"","meta":[],"product_brand":[],"product_cat":[92,53],"product_tag":[],"dish-type":[],"class_list":{"0":"post-727","1":"product","2":"type-product","3":"status-publish","5":"product_cat-arros","6":"product_cat-per-acompanyar","8":"first","9":"instock","10":"taxable","11":"shipping-taxable","12":"purchasable","13":"product-type-simple"},"_links":{"self":[{"href":"https:\/\/menu.swadencasa.com\/ca\/wp-json\/wp\/v2\/product\/727","targetHints":{"allow":["GET"]}}],"collection":[{"href":"https:\/\/menu.swadencasa.com\/ca\/wp-json\/wp\/v2\/product"}],"about":[{"href":"https:\/\/menu.swadencasa.com\/ca\/wp-json\/wp\/v2\/types\/product"}],"replies":[{"embeddable":true,"href":"https:\/\/menu.swadencasa.com\/ca\/wp-json\/wp\/v2\/comments?post=727"}],"wp:attachment":[{"href":"https:\/\/menu.swadencasa.com\/ca\/wp-json\/wp\/v2\/media?parent=727"}],"wp:term":[{"taxonomy":"product_brand","embeddable":true,"href":"https:\/\/menu.swadencasa.com\/ca\/wp-json\/wp\/v2\/product_brand?post=727"},{"taxonomy":"product_cat","embeddable":true,"href":"https:\/\/menu.swadencasa.com\/ca\/wp-json\/wp\/v2\/product_cat?post=727"},{"taxonomy":"product_tag","embeddable":true,"href":"https:\/\/menu.swadencasa.com\/ca\/wp-json\/wp\/v2\/product_tag?post=727"},{"taxonomy":"dish-type","embeddable":true,"href":"https:\/\/menu.swadencasa.com\/ca\/wp-json\/wp\/v2\/dish-type?post=727"}],"curies":[{"name":"wp","href":"https:\/\/api.w.org\/{rel}","templated":true}]}}