{"id":868,"date":"2024-02-22T08:35:28","date_gmt":"2024-02-22T07:35:28","guid":{"rendered":"https:\/\/menu.swadencasa.com\/product\/chicken-tikka-masala\/"},"modified":"2024-06-10T10:53:43","modified_gmt":"2024-06-10T08:53:43","slug":"chicken-tikka-masala","status":"publish","type":"product","link":"https:\/\/menu.swadencasa.com\/ca\/producte\/chicken-tikka-masala\/","title":{"rendered":"Chicken Tikka Masala"},"content":{"rendered":"<p>Tot un cl\u00e0ssic: suc\u00f3s pollastre tikka amb salsa masala de tom\u00e0quet i ceba.<br \/>\n<img decoding=\"async\" class=\"alignnone wp-image-93 \" src=\"https:\/\/menu.swadencasa.com\/wp-content\/uploads\/2024\/02\/Lacteos.png\" alt=\"\" width=\"25\" height=\"25\" srcset=\"https:\/\/menu.swadencasa.com\/wp-content\/uploads\/2024\/02\/Lacteos.png 737w, https:\/\/menu.swadencasa.com\/wp-content\/uploads\/2024\/02\/Lacteos-295x300.png 295w, https:\/\/menu.swadencasa.com\/wp-content\/uploads\/2024\/02\/Lacteos-150x150.png 150w, https:\/\/menu.swadencasa.com\/wp-content\/uploads\/2024\/02\/Lacteos-120x120.png 120w, https:\/\/menu.swadencasa.com\/wp-content\/uploads\/2024\/02\/Lacteos-400x400.png 400w, https:\/\/menu.swadencasa.com\/wp-content\/uploads\/2024\/02\/Lacteos-300x300.png 300w, https:\/\/menu.swadencasa.com\/wp-content\/uploads\/2024\/02\/Lacteos-600x611.png 600w, https:\/\/menu.swadencasa.com\/wp-content\/uploads\/2024\/02\/Lacteos-100x100.png 100w\" sizes=\"(max-width: 25px) 100vw, 25px\" \/><\/p>\n","protected":false},"excerpt":{"rendered":"<p>Tot un cl\u00e0ssic: suc\u00f3s pollastre tikka amb salsa masala de tom\u00e0quet i ceba.<\/p>\n","protected":false},"featured_media":0,"comment_status":"closed","ping_status":"closed","template":"","meta":[],"product_brand":[],"product_cat":[101],"product_tag":[],"dish-type":[],"class_list":{"0":"post-868","1":"product","2":"type-product","3":"status-publish","5":"product_cat-curry-ca","7":"first","8":"instock","9":"taxable","10":"shipping-taxable","11":"purchasable","12":"product-type-simple"},"_links":{"self":[{"href":"https:\/\/menu.swadencasa.com\/ca\/wp-json\/wp\/v2\/product\/868","targetHints":{"allow":["GET"]}}],"collection":[{"href":"https:\/\/menu.swadencasa.com\/ca\/wp-json\/wp\/v2\/product"}],"about":[{"href":"https:\/\/menu.swadencasa.com\/ca\/wp-json\/wp\/v2\/types\/product"}],"replies":[{"embeddable":true,"href":"https:\/\/menu.swadencasa.com\/ca\/wp-json\/wp\/v2\/comments?post=868"}],"wp:attachment":[{"href":"https:\/\/menu.swadencasa.com\/ca\/wp-json\/wp\/v2\/media?parent=868"}],"wp:term":[{"taxonomy":"product_brand","embeddable":true,"href":"https:\/\/menu.swadencasa.com\/ca\/wp-json\/wp\/v2\/product_brand?post=868"},{"taxonomy":"product_cat","embeddable":true,"href":"https:\/\/menu.swadencasa.com\/ca\/wp-json\/wp\/v2\/product_cat?post=868"},{"taxonomy":"product_tag","embeddable":true,"href":"https:\/\/menu.swadencasa.com\/ca\/wp-json\/wp\/v2\/product_tag?post=868"},{"taxonomy":"dish-type","embeddable":true,"href":"https:\/\/menu.swadencasa.com\/ca\/wp-json\/wp\/v2\/dish-type?post=868"}],"curies":[{"name":"wp","href":"https:\/\/api.w.org\/{rel}","templated":true}]}}