{"id":885,"date":"2024-02-22T08:00:51","date_gmt":"2024-02-22T07:00:51","guid":{"rendered":"https:\/\/menu.swadencasa.com\/product\/menu-degustacio\/"},"modified":"2024-05-23T08:54:43","modified_gmt":"2024-05-23T06:54:43","slug":"menu-degustacio","status":"publish","type":"product","link":"https:\/\/menu.swadencasa.com\/ca\/producte\/menu-degustacio\/","title":{"rendered":"No vegetari\u00e0"},"content":{"rendered":"<h2 style=\"text-align: center;\">Men\u00fa No vegetari\u00e0<\/h2>\n<p style=\"text-align: center;\"><img fetchpriority=\"high\" decoding=\"async\" class=\"alignnone wp-image-85 size-full\" src=\"https:\/\/menu.swadencasa.com\/wp-content\/uploads\/2024\/02\/spacer2.png\" alt=\"\" width=\"964\" height=\"87\" srcset=\"https:\/\/menu.swadencasa.com\/wp-content\/uploads\/2024\/02\/spacer2.png 964w, https:\/\/menu.swadencasa.com\/wp-content\/uploads\/2024\/02\/spacer2-300x27.png 300w, https:\/\/menu.swadencasa.com\/wp-content\/uploads\/2024\/02\/spacer2-768x69.png 768w, https:\/\/menu.swadencasa.com\/wp-content\/uploads\/2024\/02\/spacer2-600x54.png 600w\" sizes=\"(max-width: 964px) 100vw, 964px\" \/><\/p>\n<h3 style=\"text-align: center;\">Entrants<\/h3>\n<p style=\"text-align: center;\"><strong>Lamb Seekh <\/strong><\/p>\n<p style=\"text-align: center;\">Sucoses broquetes de xai amb ceba i formatge cheddar.<br \/>\n<img decoding=\"async\" class=\"alignnone wp-image-93 \" src=\"https:\/\/menu.swadencasa.com\/wp-content\/uploads\/2024\/02\/Lacteos.png\" alt=\"\" width=\"25\" height=\"25\" srcset=\"https:\/\/menu.swadencasa.com\/wp-content\/uploads\/2024\/02\/Lacteos.png 737w, https:\/\/menu.swadencasa.com\/wp-content\/uploads\/2024\/02\/Lacteos-295x300.png 295w, https:\/\/menu.swadencasa.com\/wp-content\/uploads\/2024\/02\/Lacteos-150x150.png 150w, https:\/\/menu.swadencasa.com\/wp-content\/uploads\/2024\/02\/Lacteos-120x120.png 120w, https:\/\/menu.swadencasa.com\/wp-content\/uploads\/2024\/02\/Lacteos-400x400.png 400w, https:\/\/menu.swadencasa.com\/wp-content\/uploads\/2024\/02\/Lacteos-300x300.png 300w, https:\/\/menu.swadencasa.com\/wp-content\/uploads\/2024\/02\/Lacteos-600x611.png 600w, https:\/\/menu.swadencasa.com\/wp-content\/uploads\/2024\/02\/Lacteos-100x100.png 100w\" sizes=\"(max-width: 25px) 100vw, 25px\" \/><\/p>\n<p style=\"text-align: center;\"><strong>Murgh Malai<\/strong><\/p>\n<p style=\"text-align: center;\">Pit de pollastre suaument especiada i marinada en una deliciosa crema de iogurt i formatge.<\/p>\n<p style=\"text-align: center;\"><img fetchpriority=\"high\" decoding=\"async\" class=\"alignnone wp-image-85 size-full\" src=\"https:\/\/menu.swadencasa.com\/wp-content\/uploads\/2024\/02\/spacer2.png\" alt=\"\" width=\"964\" height=\"87\" srcset=\"https:\/\/menu.swadencasa.com\/wp-content\/uploads\/2024\/02\/spacer2.png 964w, https:\/\/menu.swadencasa.com\/wp-content\/uploads\/2024\/02\/spacer2-300x27.png 300w, https:\/\/menu.swadencasa.com\/wp-content\/uploads\/2024\/02\/spacer2-768x69.png 768w, https:\/\/menu.swadencasa.com\/wp-content\/uploads\/2024\/02\/spacer2-600x54.png 600w\" sizes=\"(max-width: 964px) 100vw, 964px\" \/><\/p>\n<h3 style=\"text-align: center;\">Segons<\/h3>\n<p style=\"text-align: center;\"><strong>Butter Chicken<\/strong><\/p>\n<p style=\"text-align: center;\">Cuixa de pollastre a la brasa en una cremosa salsa de tom\u00e0quet i anacards.<br \/>\n<img decoding=\"async\" class=\"alignnone wp-image-93 \" src=\"https:\/\/menu.swadencasa.com\/wp-content\/uploads\/2024\/02\/Lacteos.png\" alt=\"\" width=\"25\" height=\"25\" srcset=\"https:\/\/menu.swadencasa.com\/wp-content\/uploads\/2024\/02\/Lacteos.png 737w, https:\/\/menu.swadencasa.com\/wp-content\/uploads\/2024\/02\/Lacteos-295x300.png 295w, https:\/\/menu.swadencasa.com\/wp-content\/uploads\/2024\/02\/Lacteos-150x150.png 150w, https:\/\/menu.swadencasa.com\/wp-content\/uploads\/2024\/02\/Lacteos-120x120.png 120w, https:\/\/menu.swadencasa.com\/wp-content\/uploads\/2024\/02\/Lacteos-400x400.png 400w, https:\/\/menu.swadencasa.com\/wp-content\/uploads\/2024\/02\/Lacteos-300x300.png 300w, https:\/\/menu.swadencasa.com\/wp-content\/uploads\/2024\/02\/Lacteos-600x611.png 600w, https:\/\/menu.swadencasa.com\/wp-content\/uploads\/2024\/02\/Lacteos-100x100.png 100w\" sizes=\"(max-width: 25px) 100vw, 25px\" \/> <img decoding=\"async\" class=\"alignnone wp-image-93 \" src=\"https:\/\/menu.swadencasa.com\/wp-content\/uploads\/2024\/02\/Frutos-secos.png\" alt=\"\" width=\"25\" height=\"25\"><\/p>\n<p style=\"text-align: center;\"><strong>Achari Jheenga<\/strong><\/p>\n<p style=\"text-align: center;\">Curri picant de gambes cuinat amb un toc de confitats indis.<br \/>\n<img loading=\"lazy\" decoding=\"async\" class=\"alignnone wp-image-93 \" src=\"https:\/\/menu.swadencasa.com\/wp-content\/uploads\/2024\/02\/Mostaza.png\" alt=\"\" width=\"25\" height=\"25\"> <img loading=\"lazy\" decoding=\"async\" class=\"alignnone wp-image-93 \" src=\"https:\/\/menu.swadencasa.com\/wp-content\/uploads\/2024\/02\/Crustaceos.png\" alt=\"\" width=\"25\" height=\"25\"><\/p>\n<p style=\"text-align: center;\"><strong>Dal Makhani<\/strong><\/p>\n<p style=\"text-align: center;\">Llenties negres guisades a foc lent amb mantega i tom\u00e0quet.<br \/>\n<img decoding=\"async\" class=\"alignnone wp-image-93 \" src=\"https:\/\/menu.swadencasa.com\/wp-content\/uploads\/2024\/02\/Lacteos.png\" alt=\"\" width=\"25\" height=\"25\" srcset=\"https:\/\/menu.swadencasa.com\/wp-content\/uploads\/2024\/02\/Lacteos.png 737w, https:\/\/menu.swadencasa.com\/wp-content\/uploads\/2024\/02\/Lacteos-295x300.png 295w, https:\/\/menu.swadencasa.com\/wp-content\/uploads\/2024\/02\/Lacteos-150x150.png 150w, https:\/\/menu.swadencasa.com\/wp-content\/uploads\/2024\/02\/Lacteos-120x120.png 120w, https:\/\/menu.swadencasa.com\/wp-content\/uploads\/2024\/02\/Lacteos-400x400.png 400w, https:\/\/menu.swadencasa.com\/wp-content\/uploads\/2024\/02\/Lacteos-300x300.png 300w, https:\/\/menu.swadencasa.com\/wp-content\/uploads\/2024\/02\/Lacteos-600x611.png 600w, https:\/\/menu.swadencasa.com\/wp-content\/uploads\/2024\/02\/Lacteos-100x100.png 100w\" sizes=\"(max-width: 25px) 100vw, 25px\" \/><\/p>\n<p style=\"text-align: center;\"><img fetchpriority=\"high\" decoding=\"async\" class=\"alignnone wp-image-85 size-full\" src=\"https:\/\/menu.swadencasa.com\/wp-content\/uploads\/2024\/02\/spacer2.png\" alt=\"\" width=\"964\" height=\"87\" srcset=\"https:\/\/menu.swadencasa.com\/wp-content\/uploads\/2024\/02\/spacer2.png 964w, https:\/\/menu.swadencasa.com\/wp-content\/uploads\/2024\/02\/spacer2-300x27.png 300w, https:\/\/menu.swadencasa.com\/wp-content\/uploads\/2024\/02\/spacer2-768x69.png 768w, https:\/\/menu.swadencasa.com\/wp-content\/uploads\/2024\/02\/spacer2-600x54.png 600w\" sizes=\"(max-width: 964px) 100vw, 964px\" \/><\/p>\n<h3 style=\"text-align: center;\">Per acompanyar<\/h3>\n<p style=\"text-align: center;\"><strong>Raita<\/strong><\/p>\n<p style=\"text-align: center;\">Iogurt artes\u00e0 amb cogombre, com\u00ed torrat i menta deshidratada<br \/>\n<img decoding=\"async\" class=\"alignnone wp-image-93 \" src=\"https:\/\/menu.swadencasa.com\/wp-content\/uploads\/2024\/02\/Lacteos.png\" alt=\"\" width=\"25\" height=\"25\" srcset=\"https:\/\/menu.swadencasa.com\/wp-content\/uploads\/2024\/02\/Lacteos.png 737w, https:\/\/menu.swadencasa.com\/wp-content\/uploads\/2024\/02\/Lacteos-295x300.png 295w, https:\/\/menu.swadencasa.com\/wp-content\/uploads\/2024\/02\/Lacteos-150x150.png 150w, https:\/\/menu.swadencasa.com\/wp-content\/uploads\/2024\/02\/Lacteos-120x120.png 120w, https:\/\/menu.swadencasa.com\/wp-content\/uploads\/2024\/02\/Lacteos-400x400.png 400w, https:\/\/menu.swadencasa.com\/wp-content\/uploads\/2024\/02\/Lacteos-300x300.png 300w, https:\/\/menu.swadencasa.com\/wp-content\/uploads\/2024\/02\/Lacteos-600x611.png 600w, https:\/\/menu.swadencasa.com\/wp-content\/uploads\/2024\/02\/Lacteos-100x100.png 100w\" sizes=\"(max-width: 25px) 100vw, 25px\" \/><\/p>\n<p style=\"text-align: center;\"><strong>Naan<\/strong><\/p>\n<p style=\"text-align: center;\">Pa de blat fet al nostre forn de fang<br \/>\n<img decoding=\"async\" class=\"alignnone wp-image-93 \" src=\"https:\/\/menu.swadencasa.com\/wp-content\/uploads\/2024\/02\/Lacteos.png\" alt=\"\" width=\"25\" height=\"25\" srcset=\"https:\/\/menu.swadencasa.com\/wp-content\/uploads\/2024\/02\/Lacteos.png 737w, https:\/\/menu.swadencasa.com\/wp-content\/uploads\/2024\/02\/Lacteos-295x300.png 295w, https:\/\/menu.swadencasa.com\/wp-content\/uploads\/2024\/02\/Lacteos-150x150.png 150w, https:\/\/menu.swadencasa.com\/wp-content\/uploads\/2024\/02\/Lacteos-120x120.png 120w, https:\/\/menu.swadencasa.com\/wp-content\/uploads\/2024\/02\/Lacteos-400x400.png 400w, https:\/\/menu.swadencasa.com\/wp-content\/uploads\/2024\/02\/Lacteos-300x300.png 300w, https:\/\/menu.swadencasa.com\/wp-content\/uploads\/2024\/02\/Lacteos-600x611.png 600w, https:\/\/menu.swadencasa.com\/wp-content\/uploads\/2024\/02\/Lacteos-100x100.png 100w\" sizes=\"(max-width: 25px) 100vw, 25px\" \/><\/p>\n<p style=\"text-align: center;\"><strong>Pulao<\/strong><\/p>\n<p style=\"text-align: center;\">Arr\u00f2s basmati a el safr\u00e0 amb esp\u00e8cies<\/p>\n<p style=\"text-align: center;\"><img fetchpriority=\"high\" decoding=\"async\" class=\"alignnone wp-image-85 size-full\" src=\"https:\/\/menu.swadencasa.com\/wp-content\/uploads\/2024\/02\/spacer2.png\" alt=\"\" width=\"964\" height=\"87\" srcset=\"https:\/\/menu.swadencasa.com\/wp-content\/uploads\/2024\/02\/spacer2.png 964w, https:\/\/menu.swadencasa.com\/wp-content\/uploads\/2024\/02\/spacer2-300x27.png 300w, https:\/\/menu.swadencasa.com\/wp-content\/uploads\/2024\/02\/spacer2-768x69.png 768w, https:\/\/menu.swadencasa.com\/wp-content\/uploads\/2024\/02\/spacer2-600x54.png 600w\" sizes=\"(max-width: 964px) 100vw, 964px\" \/><\/p>\n<h3 style=\"text-align: center;\">Postres<\/h3>\n<p style=\"text-align: center;\"><strong>Postres a escollir<\/strong><\/p>\n<p style=\"text-align: center;\">Consulta les opcions a la carta<\/p>\n","protected":false},"excerpt":{"rendered":"<p>Una mica de moltes coses. M\u00ednim 2 persones.<!-- notionvc: 7da897c8-4de5-4956-973b-3be4d5fd6403 --><\/p>\n","protected":false},"featured_media":0,"comment_status":"closed","ping_status":"closed","template":"","meta":[],"product_brand":[],"product_cat":[109,56],"product_tag":[],"dish-type":[],"class_list":{"0":"post-885","1":"product","2":"type-product","3":"status-publish","5":"product_cat-menu-ca","6":"product_cat-no-delivery-ca","8":"first","9":"instock","10":"taxable","11":"shipping-taxable","12":"purchasable","13":"product-type-simple"},"_links":{"self":[{"href":"https:\/\/menu.swadencasa.com\/ca\/wp-json\/wp\/v2\/product\/885","targetHints":{"allow":["GET"]}}],"collection":[{"href":"https:\/\/menu.swadencasa.com\/ca\/wp-json\/wp\/v2\/product"}],"about":[{"href":"https:\/\/menu.swadencasa.com\/ca\/wp-json\/wp\/v2\/types\/product"}],"replies":[{"embeddable":true,"href":"https:\/\/menu.swadencasa.com\/ca\/wp-json\/wp\/v2\/comments?post=885"}],"wp:attachment":[{"href":"https:\/\/menu.swadencasa.com\/ca\/wp-json\/wp\/v2\/media?parent=885"}],"wp:term":[{"taxonomy":"product_brand","embeddable":true,"href":"https:\/\/menu.swadencasa.com\/ca\/wp-json\/wp\/v2\/product_brand?post=885"},{"taxonomy":"product_cat","embeddable":true,"href":"https:\/\/menu.swadencasa.com\/ca\/wp-json\/wp\/v2\/product_cat?post=885"},{"taxonomy":"product_tag","embeddable":true,"href":"https:\/\/menu.swadencasa.com\/ca\/wp-json\/wp\/v2\/product_tag?post=885"},{"taxonomy":"dish-type","embeddable":true,"href":"https:\/\/menu.swadencasa.com\/ca\/wp-json\/wp\/v2\/dish-type?post=885"}],"curies":[{"name":"wp","href":"https:\/\/api.w.org\/{rel}","templated":true}]}}