{"id":2476,"date":"2024-12-16T07:24:38","date_gmt":"2024-12-16T06:24:38","guid":{"rendered":"https:\/\/menu.swadencasa.com\/?post_type=product&#038;p=2476"},"modified":"2024-12-18T14:29:53","modified_gmt":"2024-12-18T13:29:53","slug":"biryani-copy-copy","status":"publish","type":"product","link":"https:\/\/menu.swadencasa.com\/es\/producto\/biryani-copy-copy\/","title":{"rendered":"Biryani Pollo"},"content":{"rendered":"<p>Plato emblem\u00e1tico de la India: plato \u00fanico de arroz basmati aromatizado con cilantro, menta, azafr\u00e1n, vetiver y especias.<\/p>\n<p>&nbsp;<\/p>\n<p><img decoding=\"async\" src=\"https:\/\/menu.swadencasa.com\/wp-content\/uploads\/2024\/02\/Gluten.png\" width=\"30px\"> <img decoding=\"async\" src=\"https:\/\/menu.swadencasa.com\/wp-content\/uploads\/2024\/02\/Lacteos.png\" width=\"30px\"><\/p>\n","protected":false},"excerpt":{"rendered":"<p>Plato emblem\u00e1tico de la India: plato \u00fanico de arroz basmati aromatizado con cilantro, menta, azafr\u00e1n, vetiver y especias.<\/p>\n","protected":false},"featured_media":0,"comment_status":"closed","ping_status":"closed","template":"","meta":[],"product_brand":[],"product_cat":[100],"product_tag":[],"dish-type":[],"class_list":{"0":"post-2476","1":"product","2":"type-product","3":"status-publish","5":"product_cat-biryani-es","7":"first","8":"instock","9":"taxable","10":"shipping-taxable","11":"purchasable","12":"product-type-simple"},"_links":{"self":[{"href":"https:\/\/menu.swadencasa.com\/es\/wp-json\/wp\/v2\/product\/2476","targetHints":{"allow":["GET"]}}],"collection":[{"href":"https:\/\/menu.swadencasa.com\/es\/wp-json\/wp\/v2\/product"}],"about":[{"href":"https:\/\/menu.swadencasa.com\/es\/wp-json\/wp\/v2\/types\/product"}],"replies":[{"embeddable":true,"href":"https:\/\/menu.swadencasa.com\/es\/wp-json\/wp\/v2\/comments?post=2476"}],"wp:attachment":[{"href":"https:\/\/menu.swadencasa.com\/es\/wp-json\/wp\/v2\/media?parent=2476"}],"wp:term":[{"taxonomy":"product_brand","embeddable":true,"href":"https:\/\/menu.swadencasa.com\/es\/wp-json\/wp\/v2\/product_brand?post=2476"},{"taxonomy":"product_cat","embeddable":true,"href":"https:\/\/menu.swadencasa.com\/es\/wp-json\/wp\/v2\/product_cat?post=2476"},{"taxonomy":"product_tag","embeddable":true,"href":"https:\/\/menu.swadencasa.com\/es\/wp-json\/wp\/v2\/product_tag?post=2476"},{"taxonomy":"dish-type","embeddable":true,"href":"https:\/\/menu.swadencasa.com\/es\/wp-json\/wp\/v2\/dish-type?post=2476"}],"curies":[{"name":"wp","href":"https:\/\/api.w.org\/{rel}","templated":true}]}}