{"id":2376,"date":"2024-12-16T07:20:53","date_gmt":"2024-12-16T06:20:53","guid":{"rendered":"https:\/\/menu.swadencasa.com\/?post_type=product&#038;p=2376"},"modified":"2024-12-18T14:35:51","modified_gmt":"2024-12-18T13:35:51","slug":"chettinad-copy","status":"publish","type":"product","link":"https:\/\/menu.swadencasa.com\/fr\/produit\/chettinad-copy\/","title":{"rendered":"Chettinad Poulet"},"content":{"rendered":"<p>Curry \u00e9pic\u00e9 style sud de l&rsquo;Inde, aromatis\u00e9 aux feuilles de curry et \u00e0 l&rsquo;anis \u00e9toil\u00e9.<\/p>\n<p><img decoding=\"async\" class=\"alignnone wp-image-93 \" src=\"https:\/\/menu.swadencasa.com\/wp-content\/uploads\/2024\/02\/Mostaza.png\" alt=\"\" width=\"25\" height=\"25\"><\/p>\n","protected":false},"excerpt":{"rendered":"<p>Curry \u00e9pic\u00e9 style sud de l&rsquo;Inde, aromatis\u00e9 aux feuilles de curry et \u00e0 l&rsquo;anis \u00e9toil\u00e9.<\/p>\n","protected":false},"featured_media":0,"comment_status":"closed","ping_status":"closed","template":"","meta":[],"product_brand":[],"product_cat":[102],"product_tag":[],"dish-type":[],"class_list":{"0":"post-2376","1":"product","2":"type-product","3":"status-publish","5":"product_cat-curry-fr","7":"first","8":"instock","9":"taxable","10":"shipping-taxable","11":"purchasable","12":"product-type-simple"},"_links":{"self":[{"href":"https:\/\/menu.swadencasa.com\/fr\/wp-json\/wp\/v2\/product\/2376","targetHints":{"allow":["GET"]}}],"collection":[{"href":"https:\/\/menu.swadencasa.com\/fr\/wp-json\/wp\/v2\/product"}],"about":[{"href":"https:\/\/menu.swadencasa.com\/fr\/wp-json\/wp\/v2\/types\/product"}],"replies":[{"embeddable":true,"href":"https:\/\/menu.swadencasa.com\/fr\/wp-json\/wp\/v2\/comments?post=2376"}],"wp:attachment":[{"href":"https:\/\/menu.swadencasa.com\/fr\/wp-json\/wp\/v2\/media?parent=2376"}],"wp:term":[{"taxonomy":"product_brand","embeddable":true,"href":"https:\/\/menu.swadencasa.com\/fr\/wp-json\/wp\/v2\/product_brand?post=2376"},{"taxonomy":"product_cat","embeddable":true,"href":"https:\/\/menu.swadencasa.com\/fr\/wp-json\/wp\/v2\/product_cat?post=2376"},{"taxonomy":"product_tag","embeddable":true,"href":"https:\/\/menu.swadencasa.com\/fr\/wp-json\/wp\/v2\/product_tag?post=2376"},{"taxonomy":"dish-type","embeddable":true,"href":"https:\/\/menu.swadencasa.com\/fr\/wp-json\/wp\/v2\/dish-type?post=2376"}],"curies":[{"name":"wp","href":"https:\/\/api.w.org\/{rel}","templated":true}]}}