{"id":884,"date":"2024-02-22T08:00:51","date_gmt":"2024-02-22T07:00:51","guid":{"rendered":"https:\/\/menu.swadencasa.com\/product\/menu-degustation\/"},"modified":"2024-05-23T08:56:09","modified_gmt":"2024-05-23T06:56:09","slug":"menu-degustation","status":"publish","type":"product","link":"https:\/\/menu.swadencasa.com\/fr\/produit\/menu-degustation\/","title":{"rendered":"Non-v\u00e9g\u00e9tarien"},"content":{"rendered":"<h2 style=\"text-align: center;\">Menu non-v\u00e9g\u00e9tarien<\/h2>\n<p style=\"text-align: center;\"><img fetchpriority=\"high\" decoding=\"async\" class=\"alignnone wp-image-85 size-full\" src=\"https:\/\/menu.swadencasa.com\/wp-content\/uploads\/2024\/02\/spacer2.png\" alt=\"\" width=\"964\" height=\"87\" srcset=\"https:\/\/menu.swadencasa.com\/wp-content\/uploads\/2024\/02\/spacer2.png 964w, https:\/\/menu.swadencasa.com\/wp-content\/uploads\/2024\/02\/spacer2-300x27.png 300w, https:\/\/menu.swadencasa.com\/wp-content\/uploads\/2024\/02\/spacer2-768x69.png 768w, https:\/\/menu.swadencasa.com\/wp-content\/uploads\/2024\/02\/spacer2-600x54.png 600w\" sizes=\"(max-width: 964px) 100vw, 964px\" \/><\/p>\n<h3 style=\"text-align: center;\">Entr\u00e9es<\/h3>\n<p style=\"text-align: center;\"><strong>Lamb Seekh <\/strong><\/p>\n<p style=\"text-align: center;\">Juteuses brochettes d&rsquo;agneau avec des oignons, et du cheddar.<br \/>\n<img decoding=\"async\" class=\"alignnone wp-image-93 \" src=\"https:\/\/menu.swadencasa.com\/wp-content\/uploads\/2024\/02\/Lacteos.png\" alt=\"\" width=\"25\" height=\"25\" srcset=\"https:\/\/menu.swadencasa.com\/wp-content\/uploads\/2024\/02\/Lacteos.png 737w, https:\/\/menu.swadencasa.com\/wp-content\/uploads\/2024\/02\/Lacteos-295x300.png 295w, https:\/\/menu.swadencasa.com\/wp-content\/uploads\/2024\/02\/Lacteos-150x150.png 150w, https:\/\/menu.swadencasa.com\/wp-content\/uploads\/2024\/02\/Lacteos-120x120.png 120w, https:\/\/menu.swadencasa.com\/wp-content\/uploads\/2024\/02\/Lacteos-400x400.png 400w, https:\/\/menu.swadencasa.com\/wp-content\/uploads\/2024\/02\/Lacteos-300x300.png 300w, https:\/\/menu.swadencasa.com\/wp-content\/uploads\/2024\/02\/Lacteos-600x611.png 600w, https:\/\/menu.swadencasa.com\/wp-content\/uploads\/2024\/02\/Lacteos-100x100.png 100w\" sizes=\"(max-width: 25px) 100vw, 25px\" \/><\/p>\n<p style=\"text-align: center;\"><strong>Murgh Malai<\/strong><\/p>\n<p style=\"text-align: center;\">Blanc de poulet l\u00e9g\u00e8rement \u00e9pic\u00e9 marin\u00e9 dans une d\u00e9licieuse cr\u00e8me au yaourt et au fromage.<\/p>\n<p style=\"text-align: center;\"><img fetchpriority=\"high\" decoding=\"async\" class=\"alignnone wp-image-85 size-full\" src=\"https:\/\/menu.swadencasa.com\/wp-content\/uploads\/2024\/02\/spacer2.png\" alt=\"\" width=\"964\" height=\"87\" srcset=\"https:\/\/menu.swadencasa.com\/wp-content\/uploads\/2024\/02\/spacer2.png 964w, https:\/\/menu.swadencasa.com\/wp-content\/uploads\/2024\/02\/spacer2-300x27.png 300w, https:\/\/menu.swadencasa.com\/wp-content\/uploads\/2024\/02\/spacer2-768x69.png 768w, https:\/\/menu.swadencasa.com\/wp-content\/uploads\/2024\/02\/spacer2-600x54.png 600w\" sizes=\"(max-width: 964px) 100vw, 964px\" \/><\/p>\n<h3 style=\"text-align: center;\">Plats<\/h3>\n<p style=\"text-align: center;\"><strong>Butter Chicken<\/strong><\/p>\n<p style=\"text-align: center;\">Cuisse de poulet grill\u00e9e \u00e0 la cr\u00e8me de tomates et de noix de cajou.<br \/>\n<img decoding=\"async\" class=\"alignnone wp-image-93 \" src=\"https:\/\/menu.swadencasa.com\/wp-content\/uploads\/2024\/02\/Lacteos.png\" alt=\"\" width=\"25\" height=\"25\" srcset=\"https:\/\/menu.swadencasa.com\/wp-content\/uploads\/2024\/02\/Lacteos.png 737w, https:\/\/menu.swadencasa.com\/wp-content\/uploads\/2024\/02\/Lacteos-295x300.png 295w, https:\/\/menu.swadencasa.com\/wp-content\/uploads\/2024\/02\/Lacteos-150x150.png 150w, https:\/\/menu.swadencasa.com\/wp-content\/uploads\/2024\/02\/Lacteos-120x120.png 120w, https:\/\/menu.swadencasa.com\/wp-content\/uploads\/2024\/02\/Lacteos-400x400.png 400w, https:\/\/menu.swadencasa.com\/wp-content\/uploads\/2024\/02\/Lacteos-300x300.png 300w, https:\/\/menu.swadencasa.com\/wp-content\/uploads\/2024\/02\/Lacteos-600x611.png 600w, https:\/\/menu.swadencasa.com\/wp-content\/uploads\/2024\/02\/Lacteos-100x100.png 100w\" sizes=\"(max-width: 25px) 100vw, 25px\" \/> <img decoding=\"async\" class=\"alignnone wp-image-93 \" src=\"https:\/\/menu.swadencasa.com\/wp-content\/uploads\/2024\/02\/Frutos-secos.png\" alt=\"\" width=\"25\" height=\"25\"><\/p>\n<p style=\"text-align: center;\"><strong>Achari Jheenga<\/strong><\/p>\n<p style=\"text-align: center;\">Curry aux crevettes \u00e9pic\u00e9 cuit avec une touche de cornichons indiens.<br \/>\n<img loading=\"lazy\" decoding=\"async\" class=\"alignnone wp-image-93 \" src=\"https:\/\/menu.swadencasa.com\/wp-content\/uploads\/2024\/02\/Mostaza.png\" alt=\"\" width=\"25\" height=\"25\"> <img loading=\"lazy\" decoding=\"async\" class=\"alignnone wp-image-93 \" src=\"https:\/\/menu.swadencasa.com\/wp-content\/uploads\/2024\/02\/Crustaceos.png\" alt=\"\" width=\"25\" height=\"25\"><\/p>\n<p style=\"text-align: center;\"><strong>Dal Makhani<\/strong><\/p>\n<p style=\"text-align: center;\">Lentilles noires cuites \u00e0 feu tr\u00e8s doux, avec des tomates fra\u00eeches et du beurre.<br \/>\n<img decoding=\"async\" class=\"alignnone wp-image-93 \" src=\"https:\/\/menu.swadencasa.com\/wp-content\/uploads\/2024\/02\/Lacteos.png\" alt=\"\" width=\"25\" height=\"25\" srcset=\"https:\/\/menu.swadencasa.com\/wp-content\/uploads\/2024\/02\/Lacteos.png 737w, https:\/\/menu.swadencasa.com\/wp-content\/uploads\/2024\/02\/Lacteos-295x300.png 295w, https:\/\/menu.swadencasa.com\/wp-content\/uploads\/2024\/02\/Lacteos-150x150.png 150w, https:\/\/menu.swadencasa.com\/wp-content\/uploads\/2024\/02\/Lacteos-120x120.png 120w, https:\/\/menu.swadencasa.com\/wp-content\/uploads\/2024\/02\/Lacteos-400x400.png 400w, https:\/\/menu.swadencasa.com\/wp-content\/uploads\/2024\/02\/Lacteos-300x300.png 300w, https:\/\/menu.swadencasa.com\/wp-content\/uploads\/2024\/02\/Lacteos-600x611.png 600w, https:\/\/menu.swadencasa.com\/wp-content\/uploads\/2024\/02\/Lacteos-100x100.png 100w\" sizes=\"(max-width: 25px) 100vw, 25px\" \/><\/p>\n<p style=\"text-align: center;\"><img fetchpriority=\"high\" decoding=\"async\" class=\"alignnone wp-image-85 size-full\" src=\"https:\/\/menu.swadencasa.com\/wp-content\/uploads\/2024\/02\/spacer2.png\" alt=\"\" width=\"964\" height=\"87\" srcset=\"https:\/\/menu.swadencasa.com\/wp-content\/uploads\/2024\/02\/spacer2.png 964w, https:\/\/menu.swadencasa.com\/wp-content\/uploads\/2024\/02\/spacer2-300x27.png 300w, https:\/\/menu.swadencasa.com\/wp-content\/uploads\/2024\/02\/spacer2-768x69.png 768w, https:\/\/menu.swadencasa.com\/wp-content\/uploads\/2024\/02\/spacer2-600x54.png 600w\" sizes=\"(max-width: 964px) 100vw, 964px\" \/><\/p>\n<h3 style=\"text-align: center;\">Accompagnements<\/h3>\n<p style=\"text-align: center;\"><strong>Raita<\/strong><\/p>\n<p style=\"text-align: center;\">Yaourt artisanal au concombre, cumin grill\u00e9 et menthe s\u00e9ch\u00e9e<br \/>\n<img decoding=\"async\" class=\"alignnone wp-image-93 \" src=\"https:\/\/menu.swadencasa.com\/wp-content\/uploads\/2024\/02\/Lacteos.png\" alt=\"\" width=\"25\" height=\"25\" srcset=\"https:\/\/menu.swadencasa.com\/wp-content\/uploads\/2024\/02\/Lacteos.png 737w, https:\/\/menu.swadencasa.com\/wp-content\/uploads\/2024\/02\/Lacteos-295x300.png 295w, https:\/\/menu.swadencasa.com\/wp-content\/uploads\/2024\/02\/Lacteos-150x150.png 150w, https:\/\/menu.swadencasa.com\/wp-content\/uploads\/2024\/02\/Lacteos-120x120.png 120w, https:\/\/menu.swadencasa.com\/wp-content\/uploads\/2024\/02\/Lacteos-400x400.png 400w, https:\/\/menu.swadencasa.com\/wp-content\/uploads\/2024\/02\/Lacteos-300x300.png 300w, https:\/\/menu.swadencasa.com\/wp-content\/uploads\/2024\/02\/Lacteos-600x611.png 600w, https:\/\/menu.swadencasa.com\/wp-content\/uploads\/2024\/02\/Lacteos-100x100.png 100w\" sizes=\"(max-width: 25px) 100vw, 25px\" \/><\/p>\n<p style=\"text-align: center;\"><strong>Naan<\/strong><\/p>\n<p style=\"text-align: center;\">Pain de bl\u00e9 fait dans notre four traditionnel<br \/>\n<img decoding=\"async\" class=\"alignnone wp-image-93 \" src=\"https:\/\/menu.swadencasa.com\/wp-content\/uploads\/2024\/02\/Lacteos.png\" alt=\"\" width=\"25\" height=\"25\" srcset=\"https:\/\/menu.swadencasa.com\/wp-content\/uploads\/2024\/02\/Lacteos.png 737w, https:\/\/menu.swadencasa.com\/wp-content\/uploads\/2024\/02\/Lacteos-295x300.png 295w, https:\/\/menu.swadencasa.com\/wp-content\/uploads\/2024\/02\/Lacteos-150x150.png 150w, https:\/\/menu.swadencasa.com\/wp-content\/uploads\/2024\/02\/Lacteos-120x120.png 120w, https:\/\/menu.swadencasa.com\/wp-content\/uploads\/2024\/02\/Lacteos-400x400.png 400w, https:\/\/menu.swadencasa.com\/wp-content\/uploads\/2024\/02\/Lacteos-300x300.png 300w, https:\/\/menu.swadencasa.com\/wp-content\/uploads\/2024\/02\/Lacteos-600x611.png 600w, https:\/\/menu.swadencasa.com\/wp-content\/uploads\/2024\/02\/Lacteos-100x100.png 100w\" sizes=\"(max-width: 25px) 100vw, 25px\" \/><\/p>\n<p style=\"text-align: center;\"><strong>Pulao<\/strong><\/p>\n<p style=\"text-align: center;\">Riz basmati aux \u00e9pices et au saffran<\/p>\n<p style=\"text-align: center;\"><img fetchpriority=\"high\" decoding=\"async\" class=\"alignnone wp-image-85 size-full\" src=\"https:\/\/menu.swadencasa.com\/wp-content\/uploads\/2024\/02\/spacer2.png\" alt=\"\" width=\"964\" height=\"87\" srcset=\"https:\/\/menu.swadencasa.com\/wp-content\/uploads\/2024\/02\/spacer2.png 964w, https:\/\/menu.swadencasa.com\/wp-content\/uploads\/2024\/02\/spacer2-300x27.png 300w, https:\/\/menu.swadencasa.com\/wp-content\/uploads\/2024\/02\/spacer2-768x69.png 768w, https:\/\/menu.swadencasa.com\/wp-content\/uploads\/2024\/02\/spacer2-600x54.png 600w\" sizes=\"(max-width: 964px) 100vw, 964px\" \/><\/p>\n<h3 style=\"text-align: center;\">Desserts<\/h3>\n<p style=\"text-align: center;\"><strong>Dessert au choix<\/strong><\/p>\n<p style=\"text-align: center;\">Consultez les options dans le menu.<\/p>\n","protected":false},"excerpt":{"rendered":"<p>Un peu de tout. Minimum 2 personnes.<!-- notionvc: 7da897c8-4de5-4956-973b-3be4d5fd6403 --><\/p>\n","protected":false},"featured_media":0,"comment_status":"closed","ping_status":"closed","template":"","meta":[],"product_brand":[],"product_cat":[108,54],"product_tag":[],"dish-type":[],"class_list":{"0":"post-884","1":"product","2":"type-product","3":"status-publish","5":"product_cat-menu-fr","6":"product_cat-no-delivery-fr","8":"first","9":"instock","10":"taxable","11":"shipping-taxable","12":"purchasable","13":"product-type-simple"},"_links":{"self":[{"href":"https:\/\/menu.swadencasa.com\/fr\/wp-json\/wp\/v2\/product\/884","targetHints":{"allow":["GET"]}}],"collection":[{"href":"https:\/\/menu.swadencasa.com\/fr\/wp-json\/wp\/v2\/product"}],"about":[{"href":"https:\/\/menu.swadencasa.com\/fr\/wp-json\/wp\/v2\/types\/product"}],"replies":[{"embeddable":true,"href":"https:\/\/menu.swadencasa.com\/fr\/wp-json\/wp\/v2\/comments?post=884"}],"wp:attachment":[{"href":"https:\/\/menu.swadencasa.com\/fr\/wp-json\/wp\/v2\/media?parent=884"}],"wp:term":[{"taxonomy":"product_brand","embeddable":true,"href":"https:\/\/menu.swadencasa.com\/fr\/wp-json\/wp\/v2\/product_brand?post=884"},{"taxonomy":"product_cat","embeddable":true,"href":"https:\/\/menu.swadencasa.com\/fr\/wp-json\/wp\/v2\/product_cat?post=884"},{"taxonomy":"product_tag","embeddable":true,"href":"https:\/\/menu.swadencasa.com\/fr\/wp-json\/wp\/v2\/product_tag?post=884"},{"taxonomy":"dish-type","embeddable":true,"href":"https:\/\/menu.swadencasa.com\/fr\/wp-json\/wp\/v2\/dish-type?post=884"}],"curies":[{"name":"wp","href":"https:\/\/api.w.org\/{rel}","templated":true}]}}