{"id":899,"date":"2024-02-22T08:34:41","date_gmt":"2024-02-22T07:34:41","guid":{"rendered":"https:\/\/menu.swadencasa.com\/product\/tandoori-tangri\/"},"modified":"2024-02-22T08:34:41","modified_gmt":"2024-02-22T07:34:41","slug":"tandoori-tangri","status":"publish","type":"product","link":"https:\/\/menu.swadencasa.com\/fr\/produit\/tandoori-tangri\/","title":{"rendered":"Tandoori Tangri"},"content":{"rendered":"<p>Cuisses de poulet tendres marin\u00e9es dans du yaourt et des \u00e9pices fra\u00eeches (2 cuisses).<br \/>\n<img decoding=\"async\" class=\"alignnone wp-image-93 \" src=\"https:\/\/menu.swadencasa.com\/wp-content\/uploads\/2024\/02\/Lacteos.png\" alt=\"\" width=\"25\" height=\"25\" srcset=\"https:\/\/menu.swadencasa.com\/wp-content\/uploads\/2024\/02\/Lacteos.png 737w, https:\/\/menu.swadencasa.com\/wp-content\/uploads\/2024\/02\/Lacteos-295x300.png 295w, https:\/\/menu.swadencasa.com\/wp-content\/uploads\/2024\/02\/Lacteos-150x150.png 150w, https:\/\/menu.swadencasa.com\/wp-content\/uploads\/2024\/02\/Lacteos-120x120.png 120w, https:\/\/menu.swadencasa.com\/wp-content\/uploads\/2024\/02\/Lacteos-400x400.png 400w, https:\/\/menu.swadencasa.com\/wp-content\/uploads\/2024\/02\/Lacteos-300x300.png 300w, https:\/\/menu.swadencasa.com\/wp-content\/uploads\/2024\/02\/Lacteos-600x611.png 600w, https:\/\/menu.swadencasa.com\/wp-content\/uploads\/2024\/02\/Lacteos-100x100.png 100w\" sizes=\"(max-width: 25px) 100vw, 25px\" \/><\/p>\n","protected":false},"excerpt":{"rendered":"<p>Cuisses de poulet tendres marin\u00e9es dans du yaourt et des \u00e9pices fra\u00eeches (2 cuisses).<\/p>\n","protected":false},"featured_media":0,"comment_status":"closed","ping_status":"closed","template":"","meta":[],"product_brand":[],"product_cat":[105],"product_tag":[],"dish-type":[],"class_list":{"0":"post-899","1":"product","2":"type-product","3":"status-publish","5":"product_cat-entrees","7":"first","8":"instock","9":"taxable","10":"shipping-taxable","11":"purchasable","12":"product-type-simple"},"_links":{"self":[{"href":"https:\/\/menu.swadencasa.com\/fr\/wp-json\/wp\/v2\/product\/899","targetHints":{"allow":["GET"]}}],"collection":[{"href":"https:\/\/menu.swadencasa.com\/fr\/wp-json\/wp\/v2\/product"}],"about":[{"href":"https:\/\/menu.swadencasa.com\/fr\/wp-json\/wp\/v2\/types\/product"}],"replies":[{"embeddable":true,"href":"https:\/\/menu.swadencasa.com\/fr\/wp-json\/wp\/v2\/comments?post=899"}],"wp:attachment":[{"href":"https:\/\/menu.swadencasa.com\/fr\/wp-json\/wp\/v2\/media?parent=899"}],"wp:term":[{"taxonomy":"product_brand","embeddable":true,"href":"https:\/\/menu.swadencasa.com\/fr\/wp-json\/wp\/v2\/product_brand?post=899"},{"taxonomy":"product_cat","embeddable":true,"href":"https:\/\/menu.swadencasa.com\/fr\/wp-json\/wp\/v2\/product_cat?post=899"},{"taxonomy":"product_tag","embeddable":true,"href":"https:\/\/menu.swadencasa.com\/fr\/wp-json\/wp\/v2\/product_tag?post=899"},{"taxonomy":"dish-type","embeddable":true,"href":"https:\/\/menu.swadencasa.com\/fr\/wp-json\/wp\/v2\/dish-type?post=899"}],"curies":[{"name":"wp","href":"https:\/\/api.w.org\/{rel}","templated":true}]}}