{"id":911,"date":"2024-02-22T07:44:31","date_gmt":"2024-02-22T06:44:31","guid":{"rendered":"https:\/\/menu.swadencasa.com\/product\/golgappa-chaat\/"},"modified":"2024-02-22T07:44:31","modified_gmt":"2024-02-22T06:44:31","slug":"golgappa-chaat","status":"publish","type":"product","link":"https:\/\/menu.swadencasa.com\/fr\/produit\/golgappa-chaat\/","title":{"rendered":"Golgappa Chaat"},"content":{"rendered":"<p>Bulles de bl\u00e9 remplies de pur\u00e9e de pommes de terre, dans une sauce au yaourt, au tamarin et \u00e0 la menthe.<br \/>\n<img decoding=\"async\" class=\"alignnone wp-image-93 \" src=\"https:\/\/menu.swadencasa.com\/wp-content\/uploads\/2024\/02\/Gluten.png\" alt=\"\" width=\"25\" height=\"25\"> <img decoding=\"async\" class=\"alignnone wp-image-93 \" src=\"https:\/\/menu.swadencasa.com\/wp-content\/uploads\/2024\/02\/Lacteos.png\" alt=\"\" width=\"25\" height=\"25\" srcset=\"https:\/\/menu.swadencasa.com\/wp-content\/uploads\/2024\/02\/Lacteos.png 737w, https:\/\/menu.swadencasa.com\/wp-content\/uploads\/2024\/02\/Lacteos-295x300.png 295w, https:\/\/menu.swadencasa.com\/wp-content\/uploads\/2024\/02\/Lacteos-150x150.png 150w, https:\/\/menu.swadencasa.com\/wp-content\/uploads\/2024\/02\/Lacteos-120x120.png 120w, https:\/\/menu.swadencasa.com\/wp-content\/uploads\/2024\/02\/Lacteos-400x400.png 400w, https:\/\/menu.swadencasa.com\/wp-content\/uploads\/2024\/02\/Lacteos-300x300.png 300w, https:\/\/menu.swadencasa.com\/wp-content\/uploads\/2024\/02\/Lacteos-600x611.png 600w, https:\/\/menu.swadencasa.com\/wp-content\/uploads\/2024\/02\/Lacteos-100x100.png 100w\" sizes=\"(max-width: 25px) 100vw, 25px\" \/><\/p>\n","protected":false},"excerpt":{"rendered":"<p>Bulles de bl\u00e9 remplies de pur\u00e9e de pommes de terre, dans une sauce au yaourt, au tamarin et \u00e0 la menthe.<\/p>\n","protected":false},"featured_media":0,"comment_status":"closed","ping_status":"closed","template":"","meta":[],"product_brand":[],"product_cat":[105],"product_tag":[],"dish-type":[],"class_list":{"0":"post-911","1":"product","2":"type-product","3":"status-publish","5":"product_cat-entrees","7":"first","8":"instock","9":"taxable","10":"shipping-taxable","11":"purchasable","12":"product-type-simple"},"_links":{"self":[{"href":"https:\/\/menu.swadencasa.com\/fr\/wp-json\/wp\/v2\/product\/911","targetHints":{"allow":["GET"]}}],"collection":[{"href":"https:\/\/menu.swadencasa.com\/fr\/wp-json\/wp\/v2\/product"}],"about":[{"href":"https:\/\/menu.swadencasa.com\/fr\/wp-json\/wp\/v2\/types\/product"}],"replies":[{"embeddable":true,"href":"https:\/\/menu.swadencasa.com\/fr\/wp-json\/wp\/v2\/comments?post=911"}],"wp:attachment":[{"href":"https:\/\/menu.swadencasa.com\/fr\/wp-json\/wp\/v2\/media?parent=911"}],"wp:term":[{"taxonomy":"product_brand","embeddable":true,"href":"https:\/\/menu.swadencasa.com\/fr\/wp-json\/wp\/v2\/product_brand?post=911"},{"taxonomy":"product_cat","embeddable":true,"href":"https:\/\/menu.swadencasa.com\/fr\/wp-json\/wp\/v2\/product_cat?post=911"},{"taxonomy":"product_tag","embeddable":true,"href":"https:\/\/menu.swadencasa.com\/fr\/wp-json\/wp\/v2\/product_tag?post=911"},{"taxonomy":"dish-type","embeddable":true,"href":"https:\/\/menu.swadencasa.com\/fr\/wp-json\/wp\/v2\/dish-type?post=911"}],"curies":[{"name":"wp","href":"https:\/\/api.w.org\/{rel}","templated":true}]}}